{"id":2,"date":"2023-01-07T13:17:14","date_gmt":"2023-01-07T13:17:14","guid":{"rendered":"https:\/\/hre-official.com\/?page_id=2"},"modified":"2023-05-19T21:03:56","modified_gmt":"2023-05-19T21:03:56","slug":"sample-page","status":"publish","type":"page","link":"https:\/\/hre-official.com\/?page_id=2","title":{"rendered":"\u0645\u0646 \u0646\u062d\u0646"},"content":{"rendered":"<h6><strong>\u0633\u0646\u0646\u0641\u0630 \u0627\u0644\u0639\u0645\u0644\u064a\u0627\u062a \u0627\u0644\u0639\u0633\u0643\u0631\u064a\u0629 \u0628\u062c\u0645\u064a\u0639 \u0623\u0634\u0643\u0627\u0644\u0647\u0627 \u0636\u062f \u0627\u0644\u0627\u062d\u062a\u0644\u0627\u0644 \u0641\u064a \u0639\u0641\u0631\u064a\u0646<\/strong><\/h6>\n<h6><strong>\u062a\u062d\u062a \u0634\u0639\u0627\u0631 &#8220;\u0627\u0644\u0642\u0636\u0627\u0621 \u0639\u0644\u0649 \u0627\u0644\u0627\u062d\u062a\u0644\u0627\u0644 \u0641\u064a \u0645\u0646\u0627\u0637\u0642\u0646\u0627&#8221;\u060c \u0646\u062d\u0646 \u0641\u064a \u0642\u0648\u0627\u062a \u062a\u062d\u0631\u064a\u0631 \u0639\u0641\u0631\u064a\u0646\u060c \u0646\u0639\u0644\u0646 \u0639\u0646 \u062a\u0646\u0641\u064a\u0630 \u0639\u0645\u0644\u064a\u0627\u062a \u0639\u0633\u0643\u0631\u064a\u0629 \u062c\u062f\u064a\u062f\u0629 \u0641\u064a \u0627\u0644\u0645\u0646\u0637\u0642\u0629\u060c \u0648\u0647\u064a \u0633\u062a\u0646\u0647\u064a \u0627\u0644\u0627\u062d\u062a\u0644\u0627\u0644 \u0648\u0633\u062a\u062d\u0631\u0631 \u0634\u0639\u0628\u0646\u0627\u060c \u0648\u0630\u0644\u0643 \u0641\u064a \u0625\u0637\u0627\u0631 \u062d\u0631\u0628\u0646\u0627 \u0627\u0644\u0645\u0634\u0631\u0648\u0639\u0629 \u0648\u0627\u0644\u0645\u062d\u0642\u0629.<\/strong><\/h6>\n<h6><strong>\u0639\u0644\u0649 \u0647\u0630\u0627 \u0627\u0644\u0623\u0633\u0627\u0633 \u0646\u0639\u0644\u0646 \u0644\u0634\u0639\u0628\u0646\u0627 \u0648\u0644\u0644\u0631\u0623\u064a \u0627\u0644\u0639\u0627\u0645 \u0639\u0646 \u0623\u0648\u0644\u0649 \u0639\u0645\u0644\u064a\u0627\u062a\u0646\u0627 \u0641\u064a \u0639\u0641\u0631\u064a\u0646\u060c \u0648\u0647\u064a \u0639\u0644\u0649 \u0627\u0644\u0634\u0643\u0644 \u0627\u0644\u062a\u0627\u0644\u064a:<\/strong><\/h6>\n<h6><strong>\u0628\u062a\u0627\u0631\u064a\u062e 18 \u0643\u0627\u0646\u0648\u0646 \u0627\u0644\u0623\u0648\u0644 \u0627\u0644\u062c\u0627\u0631\u064a\u060c \u0641\u062c\u0631\u062a \u0625\u062d\u062f\u0649 \u0648\u062d\u062f\u0627\u062a\u0646\u0627 \u0639\u0628\u0648\u0629 \u0646\u0627\u0633\u0641\u0629 \u0628\u0625\u062d\u062f\u0649 \u0627\u0644\u0646\u0642\u0627\u0637 \u0627\u0644\u0639\u0633\u0643\u0631\u064a\u0629 \u0644\u062a\u0645\u0631\u0643\u0632 \u062c\u0646\u0648\u062f \u0627\u0644\u0627\u062d\u062a\u0644\u0627\u0644 \u0627\u0644\u062a\u0631\u0643\u064a \u0641\u064a \u0627\u0644\u0645\u0646\u0637\u0642\u0629 \u0627\u0644\u0648\u0627\u0642\u0639\u0629 \u0628\u064a\u0646 \u0646\u0627\u062d\u064a\u0629 \u0634\u0631\u0627 \u0648\u0642\u0631\u064a\u0629 \u0643\u0648\u0628\u0644\u0647 \u060c \u062d\u064a\u062b \u062a\u0645 \u062a\u0623\u0643\u064a\u062f \u0645\u0642\u062a\u0644 \u062c\u0646\u062f\u064a \u062a\u0631\u0643\u064a \u0648\u0625\u0635\u0627\u0628\u0629 \u0633\u062a\u0629 \u0622\u062e\u0631\u064a\u0646 \u0628\u062c\u0631\u0648\u062d.<\/strong><\/h6>\n<h6><strong>\u0648\u0641\u064a \u0627\u0644\u062a\u0627\u0631\u064a\u062e \u0630\u0627\u062a\u0647\u060c \u0641\u062c\u0631\u062a \u0648\u062d\u062f\u0629 \u0623\u062e\u0631\u0649 \u0645\u0646 \u0648\u062d\u062f\u0627\u062a\u0646\u0627 \u0639\u0628\u0648\u0629 \u0646\u0627\u0633\u0641\u0629 \u0623\u062e\u0631\u0649 \u0628\u0625\u062d\u062f\u0649 \u0627\u0644\u0639\u0631\u0628\u0627\u062a \u0627\u0644\u0639\u0633\u0643\u0631\u064a\u0629 \u0627\u0644\u062a\u064a \u0643\u0627\u0646\u062a \u062a\u0642\u0644 \u0645\u0631\u062a\u0632\u0642\u0629 \u0641\u0631\u0642\u0629 \u0627\u0644\u062d\u0645\u0632\u0629 \u0641\u064a \u0627\u0644\u0645\u0646\u0637\u0642\u0629 \u0627\u0644\u0648\u0627\u0642\u0639\u0629 \u0628\u064a\u0646 \u0642\u0631\u064a\u0629 \u0628\u0627\u0633\u0648\u0637\u0629 \u0648\u0645\u0631\u0643\u0632 \u0645\u062f\u064a\u0646\u0629 \u0639\u0641\u0631\u064a\u0646\u060c \u062d\u064a\u062b \u0648\u0642\u0639 \u0639\u062f\u062f \u0645\u0646 \u0627\u0644\u0642\u062a\u0644\u0649 \u0641\u064a \u0635\u0641\u0648\u0641 \u0627\u0644\u0645\u0631\u062a\u0632\u0642\u0629 \u0644\u0645 \u064a\u062a\u0633\u0646\u0649 \u0645\u0639\u0631\u0641\u0629 \u0639\u062f\u062f\u0647\u0645.<\/strong><\/h6>\n<h6><strong>\u0642\u0648\u0627\u062a \u062a\u062d\u0631\u064a\u0631 \u0639\u0641\u0631\u064a\u0646<\/strong><\/h6>\n<h6><strong>21 \u0643\u0627\u0646\u0648\u0646 2018<\/strong><\/h6>\n<h6><strong>\u00a0<\/strong><\/h6>\n<h6 style=\"text-align: left;\"><strong>W\u00ea li Efr\u00een\u00ea li hember dagirkeriy\u00ea bi her c\u00fbre \u00e7alakiy\u00ean me p\u00ea\u015f bikevin<\/strong><\/h6>\n<h6 style=\"text-align: left;\"><strong>Weke H\u00eaz\u00ean Rizgariya Efr\u00een\u00ea, w\u00ea li Efr\u00een\u00ea li hember dagirkeriy\u00ea \u00e7alakiy\u00ean me y\u00ean n\u00fb y\u00ean ku daw\u00ee li dagirkeriy\u00ea b\u00eene \u00fb herwiha rizgariya gele me teqe bike p\u00ea\u015f bikevin. Em\u00ea weke H\u00eaz\u00ean Rizgariya Efr\u00een\u00ea li her der\u00ea \u015fer\u00ea xwe y\u00ea rewa \u00fb mafdar, bi \u015f\u00eeara bidaw\u00eekirina dagirkeriy\u00ea bidom\u00eenin. Di v\u00ea \u00e7ar\u00e7ovey\u00ea de em \u00e7alakiya xwe ya yekem\u00een bi gel\u00ea xwe \u00fb raya gi\u015ft\u00ee re parve dikin<\/strong><\/h6>\n<h6 style=\"text-align: left;\"><strong>Di d\u00eeroka 18\u2019\u00ea Kan\u00fbn\u00ea de yek\u00eeneyeke me di navbera gund\u00ea Gobel\u00ea \u00fb navenda nav\u00e7eya \u015eera de li dij\u00ee baregeheke le\u015fker\u00ee ya art\u00ea\u015fa Tirk a dagirker \u00e7alakiyeke sabotaj\u00ea li dar xist. Di encama \u00e7alakiy\u00ea de le\u015fkerek hat ku\u015ftin \u00fb 6 le\u015fker j\u00ee bir\u00eendar b\u00fbn<\/strong><\/h6>\n<h6 style=\"text-align: left;\"><strong>Di heman dem\u00ea de yek\u00eeneyeke me di navbera gund\u00ea Bas\u00fbta ya nav\u00e7eya \u015e\u00earawa \u00fb navenda Efr\u00een\u00ea li dij\u00ee seyareyeke le\u015fker\u00ee ya gir\u00eaday\u00ee koma \u00e7ete ya Firqet el-Hemze \u00e7alakiyeke li dar xist. Di encama \u00e7alakiy\u00ea de li gel ku windahiy\u00ean koma \u00e7ete \u00e7\u00eab\u00fbn j\u00ee, di derheq\u00ea hejmara wan de agahiy\u00ean zelal bi dest neketin<\/strong><\/h6>\n<h6 style=\"text-align: left;\"><strong>H\u00eaz\u00ean Rizgariya Efr\u00een\u00ea<\/strong><\/h6>\n<h6 style=\"text-align: left;\">21Kan\u00fbn 2018<\/h6>\n<p>&nbsp;<\/p>\n","protected":false},"excerpt":{"rendered":"<p>\u0633\u0646\u0646\u0641\u0630 \u0627\u0644\u0639\u0645\u0644\u064a\u0627\u062a \u0627\u0644\u0639\u0633\u0643\u0631\u064a\u0629 \u0628\u062c\u0645\u064a\u0639 \u0623\u0634\u0643\u0627\u0644\u0647\u0627 \u0636\u062f \u0627\u0644\u0627\u062d\u062a\u0644\u0627\u0644 \u0641\u064a \u0639\u0641\u0631\u064a\u0646 \u062a\u062d\u062a \u0634\u0639\u0627\u0631 &#8220;\u0627\u0644\u0642\u0636\u0627\u0621 \u0639\u0644\u0649 \u0627\u0644\u0627\u062d\u062a\u0644\u0627\u0644 \u0641\u064a \u0645\u0646\u0627\u0637\u0642\u0646\u0627&#8221;\u060c \u0646\u062d\u0646 \u0641\u064a \u0642\u0648\u0627\u062a \u062a\u062d\u0631\u064a\u0631 \u0639\u0641\u0631\u064a\u0646\u060c \u0646\u0639\u0644\u0646 \u0639\u0646 \u062a\u0646\u0641\u064a\u0630 \u0639\u0645\u0644\u064a\u0627\u062a \u0639\u0633\u0643\u0631\u064a\u0629 \u062c\u062f\u064a\u062f\u0629 \u0641\u064a \u0627\u0644\u0645\u0646\u0637\u0642\u0629\u060c \u0648\u0647\u064a \u0633\u062a\u0646\u0647\u064a \u0627\u0644\u0627\u062d\u062a\u0644\u0627\u0644 \u0648\u0633\u062a\u062d\u0631\u0631 \u0634\u0639\u0628\u0646\u0627\u060c \u0648\u0630\u0644\u0643 \u0641\u064a \u0625\u0637\u0627\u0631 \u062d\u0631\u0628\u0646\u0627 \u0627\u0644\u0645\u0634\u0631\u0648\u0639\u0629 \u0648\u0627\u0644\u0645\u062d\u0642\u0629. \u0639\u0644\u0649 \u0647\u0630\u0627 \u0627\u0644\u0623\u0633\u0627\u0633 \u0646\u0639\u0644\u0646 \u0644\u0634\u0639\u0628\u0646\u0627 \u0648\u0644\u0644\u0631\u0623\u064a \u0627\u0644\u0639\u0627\u0645 \u0639\u0646 \u0623\u0648\u0644\u0649 \u0639\u0645\u0644\u064a\u0627\u062a\u0646\u0627 \u0641\u064a \u0639\u0641\u0631\u064a\u0646\u060c \u0648\u0647\u064a \u0639\u0644\u0649 \u0627\u0644\u0634\u0643\u0644 &hellip;<\/p>\n","protected":false},"author":1,"featured_media":0,"parent":0,"menu_order":0,"comment_status":"closed","ping_status":"open","template":"","meta":{"footnotes":""},"class_list":["post-2","page","type-page","status-publish","hentry"],"jetpack_sharing_enabled":true,"_links":{"self":[{"href":"https:\/\/hre-official.com\/index.php?rest_route=\/wp\/v2\/pages\/2","targetHints":{"allow":["GET"]}}],"collection":[{"href":"https:\/\/hre-official.com\/index.php?rest_route=\/wp\/v2\/pages"}],"about":[{"href":"https:\/\/hre-official.com\/index.php?rest_route=\/wp\/v2\/types\/page"}],"author":[{"embeddable":true,"href":"https:\/\/hre-official.com\/index.php?rest_route=\/wp\/v2\/users\/1"}],"replies":[{"embeddable":true,"href":"https:\/\/hre-official.com\/index.php?rest_route=%2Fwp%2Fv2%2Fcomments&post=2"}],"version-history":[{"count":0,"href":"https:\/\/hre-official.com\/index.php?rest_route=\/wp\/v2\/pages\/2\/revisions"}],"wp:attachment":[{"href":"https:\/\/hre-official.com\/index.php?rest_route=%2Fwp%2Fv2%2Fmedia&parent=2"}],"curies":[{"name":"wp","href":"https:\/\/api.w.org\/{rel}","templated":true}]}}